{"id":713,"date":"2020-12-16T13:08:01","date_gmt":"2020-12-16T16:08:01","guid":{"rendered":"http:\/\/radiorevelacionfm.cl\/?page_id=713"},"modified":"2020-12-16T13:22:34","modified_gmt":"2020-12-16T16:22:34","slug":"programacion","status":"publish","type":"page","link":"https:\/\/radiorevelacionfm.cl\/?page_id=713","title":{"rendered":"Programaci\u00f3n"},"content":{"rendered":"<div id='av_section_1'  class='avia-section main_color avia-section-default avia-no-border-styling  avia-bg-style-scroll  avia-builder-el-0  el_before_av_timeline  avia-builder-el-first   container_wrap sidebar_right' style=' '  ><div class='container' ><main  role=\"main\" itemprop=\"mainContentOfPage\"  class='template-page content  av-content-small alpha units'><div class='post-entry post-entry-type-page post-entry-713'><div class='entry-content-wrapper clearfix'>\n<div  style='height:50px' class='hr hr-invisible   avia-builder-el-1  el_before_av_hr  avia-builder-el-first '><span class='hr-inner ' ><span class='hr-inner-style'><\/span><\/span><\/div>\n<div  style='height:50px' class='hr hr-invisible   avia-builder-el-2  el_after_av_hr  el_before_av_heading '><span class='hr-inner ' ><span class='hr-inner-style'><\/span><\/span><\/div>\n<div  style='padding-bottom:10px; font-size:58px;' class='av-special-heading av-special-heading-h3  blockquote modern-quote modern-centered  avia-builder-el-3  el_after_av_hr  el_before_av_hr  av-inherit-size '><h3 class='av-special-heading-tag '  itemprop=\"headline\"  >PROGRAMACI\u00d3N RADIAL<\/h3><div class='special-heading-border'><div class='special-heading-inner-border' ><\/div><\/div><\/div>\n<div  style='height:50px' class='hr hr-invisible   avia-builder-el-4  el_after_av_heading  el_before_av_hr '><span class='hr-inner ' ><span class='hr-inner-style'><\/span><\/span><\/div>\n<div  style='height:50px' class='hr hr-invisible   avia-builder-el-5  el_after_av_hr  avia-builder-el-last '><span class='hr-inner ' ><span class='hr-inner-style'><\/span><\/span><\/div>\n<\/div><\/div><\/main><!-- close content main element --><\/div><\/div><div id='after_section_1'  class='main_color av_default_container_wrap container_wrap sidebar_right' style=' '  ><div class='container' ><div class='template-page content  av-content-small alpha units'><div class='post-entry post-entry-type-page post-entry-713'><div class='entry-content-wrapper clearfix'>\n<div  id=\"avia-timeline-1\"  class='avia-timeline-container    avia-builder-el-6  el_after_av_section  avia-builder-el-no-sibling ' ><ul class='avia-timeline avia-timeline-vertical av-milestone-placement-alternate avia-timeline-boxshadow avia_animate_when_almost_visible avia-timeline-animate'>\n<li  class='av-milestone av-animated-generic fade-in av-milestone-odd  av-milestone-valign-baseline '><h2 class='av-milestone-date  ' style='color:#edae44; ' id='milestone-'><strong><span class='av-milestone-indicator'><\/span><\/strong><\/h2><div class=\"av-milestone-icon-wrap\"><span class='milestone_icon avia-font-entypo-fontello' ><span class='milestone_inner' ><i class='milestone-char' aria-hidden='true' data-av_icon='\ue85e' data-av_iconfont='entypo-fontello'><\/i><\/span><\/span><\/div><article class='av-milestone-content-wrap'><div class='av-milestone-contentbox' ><header class=\"entry-content-header\"><h4 style='color:#000000; ' class=' '>BUENOS D\u00cdAS PUERTO CISNES<\/h4><\/header><div class='av-milestone-content' style='color:#000000; '><p style=\"text-align: justify;\"><span style=\"vertical-align: inherit;\"><span style=\"vertical-align: inherit;\"><span style=\"vertical-align: inherit;\"><span style=\"vertical-align: inherit;\">Horario:<\/span><\/span><\/span><\/span><br \/>\n<span style=\"vertical-align: inherit;\"><span style=\"vertical-align: inherit;\"><span style=\"vertical-align: inherit;\"><span style=\"vertical-align: inherit;\"> 08: 00 Hrs &#8211; 12: 00 Hrs<\/span><\/span><\/span><\/span><br \/>\n<span style=\"vertical-align: inherit;\"><span style=\"vertical-align: inherit;\"><span style=\"vertical-align: inherit;\"><span style=\"vertical-align: inherit;\"> Programa matinal con diversos matices orientado a entretener, acompa\u00f1ar e informar, espacio destinado a promover la participaci\u00f3n ciudadana con especial invitaci\u00f3n a informarse sobre el acontecer del d\u00eda a d\u00eda.<\/span><\/span><\/span><\/span><\/p>\n<\/div><\/div><footer  class='entry-footer'><\/footer><\/article><\/li>\n<li  class='av-milestone av-animated-generic fade-in av-milestone-even  av-milestone-valign-baseline '><h2 class='av-milestone-date  ' style='color:#edae44; ' id='milestone-'><strong><span class='av-milestone-indicator'><\/span><\/strong><\/h2><article class='av-milestone-content-wrap'><div class='av-milestone-contentbox' ><header class=\"entry-content-header\"><h4 style='color:#000000; ' class=' '>LA FERIA DE LAS PULGAS (VENDO, COMPRO, ARRIENDO, REGALO)<\/h4><\/header><div class='av-milestone-content' style='color:#000000; '><p style=\"text-align: justify;\"><span style=\"vertical-align: inherit;\"><span style=\"vertical-align: inherit;\">Horario:<\/span><\/span><br \/>\n<span style=\"vertical-align: inherit;\"><span style=\"vertical-align: inherit;\"> 11: 20 Hrs.<\/span><\/span><br \/>\n<span style=\"vertical-align: inherit;\"><span style=\"vertical-align: inherit;\"> Mercado de libre disposici\u00f3n donde encuentras una ventana para comercializar, permutar o simplemente regalar aquellos objetos usados en buen estado que ya no tienen espacio en tu hogar.<\/span><\/span><\/p>\n<\/div><\/div><footer  class='entry-footer'><\/footer><\/article><div class=\"av-milestone-icon-wrap\"><span class='milestone_icon avia-font-entypo-fontello' ><span class='milestone_inner' ><i class='milestone-char' aria-hidden='true' data-av_icon='\ue85e' data-av_iconfont='entypo-fontello'><\/i><\/span><\/span><\/div><h2 class='av-milestone-date  ' style='color:#edae44; ' id='milestone-'><strong><span class='av-milestone-indicator'><\/span><\/strong><\/h2><\/li>\n<li  class='av-milestone av-animated-generic fade-in av-milestone-odd  av-milestone-valign-baseline '><h2 class='av-milestone-date  ' style='color:#edae44; ' id='milestone-'><strong><span class='av-milestone-indicator'><\/span><\/strong><\/h2><div class=\"av-milestone-icon-wrap\"><span class='milestone_icon avia-font-entypo-fontello' ><span class='milestone_inner' ><i class='milestone-char' aria-hidden='true' data-av_icon='\ue85e' data-av_iconfont='entypo-fontello'><\/i><\/span><\/span><\/div><article class='av-milestone-content-wrap'><div class='av-milestone-contentbox' ><header class=\"entry-content-header\"><h4 style='color:#000000; ' class=' '>LO MEJOR DEL FOLKLORE CHILENO<\/h4><\/header><div class='av-milestone-content' style='color:#000000; '><p style=\"text-align: justify;\"><span style=\"vertical-align: inherit;\"><span style=\"vertical-align: inherit;\">Horario:<\/span><\/span><br \/>\n<span style=\"vertical-align: inherit;\"><span style=\"vertical-align: inherit;\"> 12: 15 Hrs &#8211; 13:00 Hrs .<\/span><\/span><br \/>\n<span style=\"vertical-align: inherit;\"><span style=\"vertical-align: inherit;\"> Programa que vincula nuestra historia, nuestras ra\u00edces, las costumbres y tradiciones a trav\u00e9s de la m\u00fasica Folkl\u00f3rica. Rescatando y difundiendo las diversas expresiones culturales de las diferentes regiones de nuestro pa\u00eds.<\/span><\/span><\/p>\n<\/div><\/div><footer  class='entry-footer'><\/footer><\/article><\/li>\n<li  class='av-milestone av-animated-generic fade-in av-milestone-even  av-milestone-valign-baseline '><h2 class='av-milestone-date  ' style='color:#edae44; ' id='milestone-'><strong><span class='av-milestone-indicator'><\/span><\/strong><\/h2><article class='av-milestone-content-wrap'><div class='av-milestone-contentbox' ><header class=\"entry-content-header\"><h4 style='color:#000000; ' class=' '>NOTICIAS<\/h4><\/header><div class='av-milestone-content' style='color:#000000; '><p style=\"text-align: justify;\"><span style=\"vertical-align: inherit;\"><span style=\"vertical-align: inherit;\">Horario:<\/span><\/span><br \/>\n<span style=\"vertical-align: inherit;\"><span style=\"vertical-align: inherit;\"> 13:00 Hrs &#8211; 15:00 Hrs .<\/span><\/span><br \/>\n<span style=\"vertical-align: inherit;\"><span style=\"vertical-align: inherit;\"> Hora informativa con una presentaci\u00f3n de la actualidad noticiosa local, regional y nacional<\/span><\/span><\/p>\n<\/div><\/div><footer  class='entry-footer'><\/footer><\/article><div class=\"av-milestone-icon-wrap\"><span class='milestone_icon avia-font-entypo-fontello' ><span class='milestone_inner' ><i class='milestone-char' aria-hidden='true' data-av_icon='\ue85e' data-av_iconfont='entypo-fontello'><\/i><\/span><\/span><\/div><h2 class='av-milestone-date  ' style='color:#edae44; ' id='milestone-'><strong><span class='av-milestone-indicator'><\/span><\/strong><\/h2><\/li>\n<li  class='av-milestone av-animated-generic fade-in av-milestone-odd  av-milestone-valign-baseline '><h2 class='av-milestone-date  ' style='color:#edae44; ' id='milestone-'><strong><span class='av-milestone-indicator'><\/span><\/strong><\/h2><div class=\"av-milestone-icon-wrap\"><span class='milestone_icon avia-font-entypo-fontello' ><span class='milestone_inner' ><i class='milestone-char' aria-hidden='true' data-av_icon='\ue85e' data-av_iconfont='entypo-fontello'><\/i><\/span><\/span><\/div><article class='av-milestone-content-wrap'><div class='av-milestone-contentbox' ><header class=\"entry-content-header\"><h4 style='color:#000000; ' class=' '>LA HORA RETRO<\/h4><\/header><div class='av-milestone-content' style='color:#000000; '><p style=\"text-align: justify;\">Horario:<br \/>\n15: 00 Hrs &#8211; 16:00 Hrs .<br \/>\nRescatamos lo mejor de cada d\u00e9cada, aquellos \u00e9xitos que se han transformado en iconos musicales, tendencias y estilos que han marcado generaciones completas y que en mayor o menor medida \u00a1nunca pasan de moda!<\/p>\n<\/div><\/div><footer  class='entry-footer'><\/footer><\/article><\/li>\n<li  class='av-milestone av-animated-generic fade-in av-milestone-even  av-milestone-valign-baseline '><h2 class='av-milestone-date  ' style='color:#edae44; ' id='milestone-'><strong><span class='av-milestone-indicator'><\/span><\/strong><\/h2><article class='av-milestone-content-wrap'><div class='av-milestone-contentbox' ><header class=\"entry-content-header\"><h4 style='color:#000000; ' class=' '>COMPARTIENDO LA TARDE EN REVELACI\u00d3N (NOTICIAS, ENTREVISTAS, M\u00daSICA)<\/h4><\/header><div class='av-milestone-content' style='color:#000000; '><p style=\"text-align: justify;\">Horario:<br \/>\n16: 00 Hrs &#8211; 18:00 Hrs .<br \/>\nEspacio abierto a la comunidad destinado a entregar informaci\u00f3n \u00fatil y de inter\u00e9s p\u00fablico, entrevistas en vivo, panoramas, eventos, consejos pr\u00e1cticos y mucha entretenci\u00f3n, compartiendo juntos la mejor parrilla musical.<\/p>\n<\/div><\/div><footer  class='entry-footer'><\/footer><\/article><div class=\"av-milestone-icon-wrap\"><span class='milestone_icon avia-font-entypo-fontello' ><span class='milestone_inner' ><i class='milestone-char' aria-hidden='true' data-av_icon='\ue85e' data-av_iconfont='entypo-fontello'><\/i><\/span><\/span><\/div><h2 class='av-milestone-date  ' style='color:#edae44; ' id='milestone-'><strong><span class='av-milestone-indicator'><\/span><\/strong><\/h2><\/li>\n<li  class='av-milestone av-animated-generic fade-in av-milestone-odd  av-milestone-valign-baseline '><h2 class='av-milestone-date  ' style='color:#edae44; ' id='milestone-'><strong><span class='av-milestone-indicator'><\/span><\/strong><\/h2><div class=\"av-milestone-icon-wrap\"><span class='milestone_icon avia-font-entypo-fontello' ><span class='milestone_inner' ><i class='milestone-char' aria-hidden='true' data-av_icon='\ue85e' data-av_iconfont='entypo-fontello'><\/i><\/span><\/span><\/div><article class='av-milestone-content-wrap'><div class='av-milestone-contentbox' ><header class=\"entry-content-header\"><h4 style='color:#000000; ' class=' '>NOCHES DE FIESTA Y RECUERDOS M\u00daSICALES<\/h4><\/header><div class='av-milestone-content' style='color:#000000; '><p style=\"text-align: justify;\">Horario:<br \/>\n22: 00 Hrs .<br \/>\nTe entregamos la mejor compa\u00f1\u00eda musical con un mix bailable para una sana diversi\u00f3n, para animar tu fiesta, tu celebraci\u00f3n familiar, o bien para acompa\u00f1ar a quienes deben laborar durante la noche. Para despertar la memoria hurgamos en el ba\u00fal de los recuerdos y te entregamos aquellas canciones que te hicieron vibrar, y revivir as\u00ed la mejor m\u00fasica de tu vida.<\/p>\n<\/div><\/div><footer  class='entry-footer'><\/footer><\/article><\/li>\n<\/ul><\/div>\n","protected":false},"excerpt":{"rendered":"","protected":false},"author":1,"featured_media":0,"parent":0,"menu_order":0,"comment_status":"closed","ping_status":"closed","template":"","meta":{"footnotes":""},"class_list":["post-713","page","type-page","status-publish","hentry"],"_links":{"self":[{"href":"https:\/\/radiorevelacionfm.cl\/index.php?rest_route=\/wp\/v2\/pages\/713","targetHints":{"allow":["GET"]}}],"collection":[{"href":"https:\/\/radiorevelacionfm.cl\/index.php?rest_route=\/wp\/v2\/pages"}],"about":[{"href":"https:\/\/radiorevelacionfm.cl\/index.php?rest_route=\/wp\/v2\/types\/page"}],"author":[{"embeddable":true,"href":"https:\/\/radiorevelacionfm.cl\/index.php?rest_route=\/wp\/v2\/users\/1"}],"replies":[{"embeddable":true,"href":"https:\/\/radiorevelacionfm.cl\/index.php?rest_route=%2Fwp%2Fv2%2Fcomments&post=713"}],"version-history":[{"count":5,"href":"https:\/\/radiorevelacionfm.cl\/index.php?rest_route=\/wp\/v2\/pages\/713\/revisions"}],"predecessor-version":[{"id":720,"href":"https:\/\/radiorevelacionfm.cl\/index.php?rest_route=\/wp\/v2\/pages\/713\/revisions\/720"}],"wp:attachment":[{"href":"https:\/\/radiorevelacionfm.cl\/index.php?rest_route=%2Fwp%2Fv2%2Fmedia&parent=713"}],"curies":[{"name":"wp","href":"https:\/\/api.w.org\/{rel}","templated":true}]}}